{"id":7583,"date":"2022-12-21T10:01:14","date_gmt":"2022-12-21T09:01:14","guid":{"rendered":"http:\/\/46.4.84.82\/~moengolfresort\/?page_id=7583"},"modified":"2023-03-16T16:06:03","modified_gmt":"2023-03-16T15:06:03","slug":"persondata-og-privatlivspolitik","status":"publish","type":"page","link":"https:\/\/moengolfresort.dk\/en\/persondata-og-privatlivspolitik\/","title":{"rendered":"Personal data and privacy policy"},"content":{"rendered":"<p><strong>PRIVACY AND COOKIE POLICY<\/strong><\/p>\n<p>What data does www.moengolfresort.dk collect about you?<br \/>\nWhen you visit our website, we collect your IP address and data about your operating system, your mobile device, your internet browser and your activities on the site, e.g. which pages you view, your searches etc. If you sign up for our newsletter, we collect your name and email address.<\/p>\n<p><strong>How do we use your data?<\/strong><br \/>\nWe use data about you to create a profile of you, provide you with targeted marketing to the extent that we run campaigns, prevent irregularities and optimise our website. According to Article 6 of the GDPR, we may process your data if:<br \/>\na) you have consented to this, signed up for our newsletter and\/or accepted cookies<br \/>\nb) it is done to fulfil an agreement with you; or<br \/>\nc) we have a legitimate interest in improving and administering our services and your consent etc. and this interest exceeds any inconvenience to you.<br \/>\nIf you withdraw your consent, our processing of your data will only continue if it is necessary to fulfil an agreement with you or can be based on a balance of interests.<\/p>\n<p><strong>Who gets access to your data?<\/strong><br \/>\nSuppliers and third parties working for us may have access to your data, but may only use it to fulfil the tasks we ask them to do and within the purposes we have mentioned above. This could be companies that help us with IT and customer support, for example.<\/p>\n<p><strong>How long do we store data?<\/strong><br \/>\nWe store your data for as long as you use our services. Storage is necessary to fulfil the purposes we have mentioned or other legitimate purposes and obligations such as being able to document our processing. If you withdraw your consent, we will delete your data unless our processing can continue on another processing basis. We normally delete your data no later than \u00bd - 1 year after the purpose of the storage has ceased, however, data about your online behaviour is stored in Google Analytics for up to 26 months and will then be automatically deleted. We have ensured an appropriate and high level of protection of your data and rights.<\/p>\n<p><strong>Your rights<\/strong><br \/>\nYou can gain insight into the data we process about you and demand that the data be rectified or deleted or that our use of it be restricted. If you rightfully object to our processing, we may no longer process your data. In some cases, you may have data you have provided to us disclosed or sent to a third party. If you have given us your consent to receive marketing material etc. you can revoke this at any time via gitte@moengolfhotel.dk<\/p>\n<p><strong>Contact and complaints<\/strong><br \/>\nwww.moengolfresort.dk's DPO is Gitte Andersen and can be contacted at gitte@moengolfhotel.dk, by phone +45 55 86 87 88. You can also complain about our data processing to the Danish Data Protection Agency, Borgergade 28, 5, 1300 Copenhagen K, dt@datatilsynet.dk.<\/p>\n<p><strong>Changes<\/strong><br \/>\nOur privacy policy is subject to change, but will always be available on our website. If we change our privacy policy and it affects the processing of data about you, we will inform you accordingly.<\/p>\n<p><strong>USE OF COOKIES<\/strong><br \/>\nWhen you visit www.moengolfresort.dk, your internet browser exchanges information with our servers, leaving electronic traces - also called COOKIES. These cookies contain, for example, information about:<br \/>\n- Which pages you have viewed with us, when and for how long<br \/>\n- which internet browsers you use<br \/>\n- What screen resolution you have<br \/>\n- Which operating system you use<br \/>\n- which device you visit the website with (computer, tablet or mobile)<br \/>\n- which other website you came from<\/p>\n<p><strong>What is a cookie?<\/strong><br \/>\nA cookie is a small data file that makes it possible to store information or access already stored information on the user's PC, smartphone, tablet or similar for the purpose of collecting data about the user.<a href=\"https:\/\/erhvervsstyrelsen.dk\/cookieregler\" target=\"_blank\" rel=\"noopener\">\u00a0Read more here<\/a><br \/>\nYou can read more about the cookie regulation at\u00a0<a href=\"https:\/\/erhvervsstyrelsen.dk\/cookieregler\" target=\"_blank\" rel=\"noopener\">The Danish Business Authority's website.<\/a><\/p>\n<p><strong>Your acceptance<\/strong><br \/>\nWhen you first visit www.moengolfresort.dk, you will be informed about our use of cookies, and you have the option to opt out of all cookies other than technically necessary cookies. You must actively choose or deselect which cookies we may collect and use.<br \/>\nIf you later regret your choice regarding cookies, simply follow the link at the bottom of this page, which will guide you on how to delete your cookies. You will then be presented with the option to say \"no thanks to cookies\".<\/p>\n<p><strong>Deleting cookies<\/strong><br \/>\nWe hope that you will allow cookies from www.moengolfresort.dk as they help us to improve the website and help you to avoid having to select the same things over and over again.<br \/>\nIf you still do not want to receive cookies from www.moengolfresort.dk, select advanced cookie settings in your browser's internet settings and add www.moengolfresort.dk to the list of websites you want to block cookies from. Here you can also delete individual cookies or allied cookies that your browser has stored.<br \/>\nIf you set your browser to block cookies from www.moengolfresort.dk, you should be aware that some of the website's functions may no longer work.<br \/>\nFind more information about\u00a0<a href=\"https:\/\/minecookies.org\/cookiehandtering\/\" target=\"_blank\" rel=\"noopener\">Delete all cookies here.<\/a><\/p>","protected":false},"excerpt":{"rendered":"<p>PERSONDATA- OG COOKIEPOLITIK Hvilke data indsamler www.moengolfresort.dk om dig? N\u00e5r du bes\u00f8ger vores hjemmeside, indsamler vi din IP-adresse og data om dit styresystem, din mobile enhed, din internet-browser og dine aktiviteter p\u00e5 siden, fx hvilke sider du ser, dine s\u00f8gninger m.v. Vi \u00f8nsker ikke at indsamle f\u00f8lsomme data om dig, medmindre du selv har givet [&hellip;]<\/p>\n","protected":false},"author":1,"featured_media":0,"parent":0,"menu_order":0,"comment_status":"closed","ping_status":"closed","template":"","meta":{"inline_featured_image":false,"footnotes":""},"class_list":["post-7583","page","type-page","status-publish","hentry"],"yoast_head":"<!-- This site is optimized with the Yoast SEO plugin v27.4 - https:\/\/yoast.com\/product\/yoast-seo-wordpress\/ -->\n<title>Persondata- og privatlivspolitik | Pr\u00e6stekilde<\/title>\n<meta name=\"robots\" content=\"index, follow, max-snippet:-1, max-image-preview:large, max-video-preview:-1\" \/>\n<link rel=\"canonical\" href=\"https:\/\/moengolfresort.dk\/en\/persondata-og-privatlivspolitik\/\" \/>\n<meta property=\"og:locale\" content=\"en_GB\" \/>\n<meta property=\"og:type\" content=\"article\" \/>\n<meta property=\"og:title\" content=\"Persondata- og privatlivspolitik | Pr\u00e6stekilde\" \/>\n<meta property=\"og:description\" content=\"PERSONDATA- OG COOKIEPOLITIK Hvilke data indsamler www.moengolfresort.dk om dig? N\u00e5r du bes\u00f8ger vores hjemmeside, indsamler vi din IP-adresse og data om dit styresystem, din mobile enhed, din internet-browser og dine aktiviteter p\u00e5 siden, fx hvilke sider du ser, dine s\u00f8gninger m.v. Vi \u00f8nsker ikke at indsamle f\u00f8lsomme data om dig, medmindre du selv har givet [&hellip;]\" \/>\n<meta property=\"og:url\" content=\"https:\/\/moengolfresort.dk\/en\/persondata-og-privatlivspolitik\/\" \/>\n<meta property=\"og:site_name\" content=\"Pr\u00e6stekilde\" \/>\n<meta property=\"article:publisher\" content=\"https:\/\/www.facebook.com\/moengolfresort\" \/>\n<meta property=\"article:modified_time\" content=\"2023-03-16T15:06:03+00:00\" \/>\n<meta name=\"twitter:card\" content=\"summary_large_image\" \/>\n<meta name=\"twitter:label1\" content=\"Estimated reading time\" \/>\n\t<meta name=\"twitter:data1\" content=\"4 minutes\" \/>\n<script type=\"application\/ld+json\" class=\"yoast-schema-graph\">{\"@context\":\"https:\\\/\\\/schema.org\",\"@graph\":[{\"@type\":\"WebPage\",\"@id\":\"https:\\\/\\\/moengolfresort.dk\\\/persondata-og-privatlivspolitik\\\/\",\"url\":\"https:\\\/\\\/moengolfresort.dk\\\/persondata-og-privatlivspolitik\\\/\",\"name\":\"Persondata- og privatlivspolitik | Pr\u00e6stekilde\",\"isPartOf\":{\"@id\":\"https:\\\/\\\/moengolfresort.dk\\\/#website\"},\"datePublished\":\"2022-12-21T09:01:14+00:00\",\"dateModified\":\"2023-03-16T15:06:03+00:00\",\"breadcrumb\":{\"@id\":\"https:\\\/\\\/moengolfresort.dk\\\/persondata-og-privatlivspolitik\\\/#breadcrumb\"},\"inLanguage\":\"en-GB\",\"potentialAction\":[{\"@type\":\"ReadAction\",\"target\":[\"https:\\\/\\\/moengolfresort.dk\\\/persondata-og-privatlivspolitik\\\/\"]}]},{\"@type\":\"BreadcrumbList\",\"@id\":\"https:\\\/\\\/moengolfresort.dk\\\/persondata-og-privatlivspolitik\\\/#breadcrumb\",\"itemListElement\":[{\"@type\":\"ListItem\",\"position\":1,\"name\":\"Forside\",\"item\":\"https:\\\/\\\/moengolfresort.dk\\\/\"},{\"@type\":\"ListItem\",\"position\":2,\"name\":\"Persondata- og privatlivspolitik\"}]},{\"@type\":\"WebSite\",\"@id\":\"https:\\\/\\\/moengolfresort.dk\\\/#website\",\"url\":\"https:\\\/\\\/moengolfresort.dk\\\/\",\"name\":\"Pr\u00e6stekilde\",\"description\":\"Hotel - Golf - Konference\",\"publisher\":{\"@id\":\"https:\\\/\\\/moengolfresort.dk\\\/#organization\"},\"potentialAction\":[{\"@type\":\"SearchAction\",\"target\":{\"@type\":\"EntryPoint\",\"urlTemplate\":\"https:\\\/\\\/moengolfresort.dk\\\/?s={search_term_string}\"},\"query-input\":{\"@type\":\"PropertyValueSpecification\",\"valueRequired\":true,\"valueName\":\"search_term_string\"}}],\"inLanguage\":\"en-GB\"},{\"@type\":\"Organization\",\"@id\":\"https:\\\/\\\/moengolfresort.dk\\\/#organization\",\"name\":\"M\u00f8n Golf Resort\",\"url\":\"https:\\\/\\\/moengolfresort.dk\\\/\",\"logo\":{\"@type\":\"ImageObject\",\"inLanguage\":\"en-GB\",\"@id\":\"https:\\\/\\\/moengolfresort.dk\\\/#\\\/schema\\\/logo\\\/image\\\/\",\"url\":\"\",\"contentUrl\":\"\",\"caption\":\"M\u00f8n Golf Resort\"},\"image\":{\"@id\":\"https:\\\/\\\/moengolfresort.dk\\\/#\\\/schema\\\/logo\\\/image\\\/\"},\"sameAs\":[\"https:\\\/\\\/www.facebook.com\\\/moengolfresort\"]}]}<\/script>\n<!-- \/ Yoast SEO plugin. -->","yoast_head_json":{"title":"Personal data and privacy policy | Pr\u00e6stekilde","robots":{"index":"index","follow":"follow","max-snippet":"max-snippet:-1","max-image-preview":"max-image-preview:large","max-video-preview":"max-video-preview:-1"},"canonical":"https:\/\/moengolfresort.dk\/en\/persondata-og-privatlivspolitik\/","og_locale":"en_GB","og_type":"article","og_title":"Persondata- og privatlivspolitik | Pr\u00e6stekilde","og_description":"PERSONDATA- OG COOKIEPOLITIK Hvilke data indsamler www.moengolfresort.dk om dig? N\u00e5r du bes\u00f8ger vores hjemmeside, indsamler vi din IP-adresse og data om dit styresystem, din mobile enhed, din internet-browser og dine aktiviteter p\u00e5 siden, fx hvilke sider du ser, dine s\u00f8gninger m.v. Vi \u00f8nsker ikke at indsamle f\u00f8lsomme data om dig, medmindre du selv har givet [&hellip;]","og_url":"https:\/\/moengolfresort.dk\/en\/persondata-og-privatlivspolitik\/","og_site_name":"Pr\u00e6stekilde","article_publisher":"https:\/\/www.facebook.com\/moengolfresort","article_modified_time":"2023-03-16T15:06:03+00:00","twitter_card":"summary_large_image","twitter_misc":{"Estimated reading time":"4 minutes"},"schema":{"@context":"https:\/\/schema.org","@graph":[{"@type":"WebPage","@id":"https:\/\/moengolfresort.dk\/persondata-og-privatlivspolitik\/","url":"https:\/\/moengolfresort.dk\/persondata-og-privatlivspolitik\/","name":"Personal data and privacy policy | Pr\u00e6stekilde","isPartOf":{"@id":"https:\/\/moengolfresort.dk\/#website"},"datePublished":"2022-12-21T09:01:14+00:00","dateModified":"2023-03-16T15:06:03+00:00","breadcrumb":{"@id":"https:\/\/moengolfresort.dk\/persondata-og-privatlivspolitik\/#breadcrumb"},"inLanguage":"en-GB","potentialAction":[{"@type":"ReadAction","target":["https:\/\/moengolfresort.dk\/persondata-og-privatlivspolitik\/"]}]},{"@type":"BreadcrumbList","@id":"https:\/\/moengolfresort.dk\/persondata-og-privatlivspolitik\/#breadcrumb","itemListElement":[{"@type":"ListItem","position":1,"name":"Forside","item":"https:\/\/moengolfresort.dk\/"},{"@type":"ListItem","position":2,"name":"Persondata- og privatlivspolitik"}]},{"@type":"WebSite","@id":"https:\/\/moengolfresort.dk\/#website","url":"https:\/\/moengolfresort.dk\/","name":"Priest source","description":"Hotel - Golf - Conference","publisher":{"@id":"https:\/\/moengolfresort.dk\/#organization"},"potentialAction":[{"@type":"SearchAction","target":{"@type":"EntryPoint","urlTemplate":"https:\/\/moengolfresort.dk\/?s={search_term_string}"},"query-input":{"@type":"PropertyValueSpecification","valueRequired":true,"valueName":"search_term_string"}}],"inLanguage":"en-GB"},{"@type":"Organization","@id":"https:\/\/moengolfresort.dk\/#organization","name":"M\u00f8n Golf Resort","url":"https:\/\/moengolfresort.dk\/","logo":{"@type":"ImageObject","inLanguage":"en-GB","@id":"https:\/\/moengolfresort.dk\/#\/schema\/logo\/image\/","url":"","contentUrl":"","caption":"M\u00f8n Golf Resort"},"image":{"@id":"https:\/\/moengolfresort.dk\/#\/schema\/logo\/image\/"},"sameAs":["https:\/\/www.facebook.com\/moengolfresort"]}]}},"_links":{"self":[{"href":"https:\/\/moengolfresort.dk\/en\/wp-json\/wp\/v2\/pages\/7583","targetHints":{"allow":["GET"]}}],"collection":[{"href":"https:\/\/moengolfresort.dk\/en\/wp-json\/wp\/v2\/pages"}],"about":[{"href":"https:\/\/moengolfresort.dk\/en\/wp-json\/wp\/v2\/types\/page"}],"author":[{"embeddable":true,"href":"https:\/\/moengolfresort.dk\/en\/wp-json\/wp\/v2\/users\/1"}],"replies":[{"embeddable":true,"href":"https:\/\/moengolfresort.dk\/en\/wp-json\/wp\/v2\/comments?post=7583"}],"version-history":[{"count":0,"href":"https:\/\/moengolfresort.dk\/en\/wp-json\/wp\/v2\/pages\/7583\/revisions"}],"wp:attachment":[{"href":"https:\/\/moengolfresort.dk\/en\/wp-json\/wp\/v2\/media?parent=7583"}],"curies":[{"name":"wp","href":"https:\/\/api.w.org\/{rel}","templated":true}]}}